{"id":140,"date":"2024-12-08T20:22:22","date_gmt":"2024-12-08T20:22:22","guid":{"rendered":"http:\/\/profligate.smidn.com\/?page_id=140"},"modified":"2024-12-08T20:58:10","modified_gmt":"2024-12-08T20:58:10","slug":"all-venues","status":"publish","type":"page","link":"https:\/\/portal.theprofligate.com\/index.php\/all-venues\/","title":{"rendered":"All Venues"},"content":{"rendered":"<h2>All Venues<\/h2><table style=\"width:100%; border-collapse: collapse;\"><thead><tr><th>Name<\/th><th>Country<\/th><th>Address<\/th><th>Scan Date<\/th><\/tr><\/thead><tbody><tr><td><a href=\"https:\/\/portal.theprofligate.com\/index.php\/onlineviewer?VenueID=1\">&quot;Gamla&quot; Globen<\/a><\/td><td>Sweden<\/td><td>Nyn\u00e4sv\u00e4gen, 121 77 Johanneshov<\/td><td>2020-01-30<\/td><\/tr><tr><td><a href=\"https:\/\/portal.theprofligate.com\/index.php\/onlineviewer?VenueID=2\">Magasin 9<\/a><\/td><td>Sweden<\/td><td>Frihamnsgatan 66, 115 56 Stockholm<\/td><td>2019-02-21<\/td><\/tr><tr><td><a href=\"https:\/\/portal.theprofligate.com\/index.php\/onlineviewer?VenueID=3\">Eric Ericssonhallen<\/a><\/td><td>Sweden<\/td><td>Kyrkslingan 2-4, 111 49 Stockholm<\/td><td>2023-03-27<\/td><\/tr><tr><td><a href=\"https:\/\/portal.theprofligate.com\/index.php\/onlineviewer?VenueID=4\">Fredriksborg<\/a><\/td><td>Sweden<\/td><td>Fredriksborgsv\u00e4gen 17, 139 90 V\u00e4rmd\u00f6<\/td><td>2023-04-28<\/td><\/tr><tr><td><a href=\"https:\/\/portal.theprofligate.com\/index.php\/onlineviewer?VenueID=7\">Annexet<\/a><\/td><td>Sweden<\/td><td>Arenatorget 1, 121 77 Johanneshov<\/td><td>2025-01-30<\/td><\/tr><tr><td><a href=\"https:\/\/portal.theprofligate.com\/index.php\/onlineviewer?VenueID=10\">Tele2<\/a><\/td><td>Sweden<\/td><td>Arenaslingan 14, 121 77 Johanneshov<\/td><td>2024-12-02<\/td><\/tr><tr><td><a href=\"https:\/\/portal.theprofligate.com\/index.php\/onlineviewer?VenueID=11\">CT Studio<\/a><\/td><td>Sweden<\/td><td>Ranhammarsv\u00e4gen 12-14, 168 67 Stockholm<\/td><td>2024-12-04<\/td><\/tr><tr><td><a href=\"https:\/\/portal.theprofligate.com\/index.php\/onlineviewer?VenueID=12\">Fryshuset Arenan<\/a><\/td><td>Sweden<\/td><td>M\u00e5rtensdalsgatan 2-8, 120 30 Stockholm<\/td><td>2023-02-08<\/td><\/tr><tr><td><a href=\"https:\/\/portal.theprofligate.com\/index.php\/onlineviewer?VenueID=14\">Wallmans Teatergatan<\/a><\/td><td>Sweden<\/td><td>Teatergatan 3, 111 48 Stockholm<\/td><td>2023-04-19<\/td><\/tr><tr><td><a href=\"https:\/\/portal.theprofligate.com\/index.php\/onlineviewer?VenueID=15\">Winterviken<\/a><\/td><td>Sweden<\/td><td>Vinterviksv\u00e4gen 60, 117 65 Stockholm<\/td><td>2024-12-02<\/td><\/tr><tr><td><a href=\"https:\/\/portal.theprofligate.com\/index.php\/onlineviewer?VenueID=16\">Strawberry O2<\/a><\/td><td>Sweden<\/td><td>R\u00e5sta Strandv\u00e4g 1, 169 79 Solna<\/td><td>2024-12-03<\/td><\/tr><tr><td><a href=\"https:\/\/portal.theprofligate.com\/index.php\/onlineviewer?VenueID=17\">Strawberry Fields<\/a><\/td><td>Sweden<\/td><td>R\u00e5sta Strandv\u00e4g 1, 169 79 Solna<\/td><td>2024-12-03<\/td><\/tr><tr><td><a href=\"https:\/\/portal.theprofligate.com\/index.php\/onlineviewer?VenueID=19\">Slaktkyrkan<\/a><\/td><td>Sweden<\/td><td>Styckm\u00e4stargatan 10, 121 62 Johanneshov<\/td><td>2023-05-17<\/td><\/tr><tr><td><a href=\"https:\/\/portal.theprofligate.com\/index.php\/onlineviewer?VenueID=20\">Slakthus Area<\/a><\/td><td>Sweden<\/td><td>Styckm\u00e4stargatan 10, 121 62 Johanneshov<\/td><td>2025-05-22<\/td><\/tr><tr><td><a href=\"https:\/\/portal.theprofligate.com\/index.php\/onlineviewer?VenueID=21\">Marina Towers<\/a><\/td><td>Sweden<\/td><td>Saltsj\u00f6qvarns kaj 25, 131 71 Nacka<\/td><td>2024-12-09<\/td><\/tr><tr><td><a href=\"https:\/\/portal.theprofligate.com\/index.php\/onlineviewer?VenueID=22\">Berns<\/a><\/td><td>Sweden<\/td><td>N\u00e4ckstr\u00f6msgatan 8, 111 47 Stockholm<\/td><td>2024-12-14<\/td><\/tr><tr><td><a href=\"https:\/\/portal.theprofligate.com\/index.php\/onlineviewer?VenueID=23\">Stockholm Waterfront<\/a><\/td><td>Sweden<\/td><td>Nils Ericsons Plan 4, 111 64 Stockholm<\/td><td>2024-12-11<\/td><\/tr><tr><td><a href=\"https:\/\/portal.theprofligate.com\/index.php\/onlineviewer?VenueID=24\">Waterfront Conference<\/a><\/td><td>Sweden<\/td><td>Nils Ericsons Plan 4, 111 64 Stockholm<\/td><td>2024-12-11<\/td><\/tr><\/tbody><\/table>\n","protected":false},"excerpt":{"rendered":"","protected":false},"author":1,"featured_media":154,"parent":0,"menu_order":0,"comment_status":"closed","ping_status":"closed","template":"","meta":{"footnotes":""},"class_list":["post-140","page","type-page","status-publish","has-post-thumbnail","hentry"],"_links":{"self":[{"href":"https:\/\/portal.theprofligate.com\/index.php\/wp-json\/wp\/v2\/pages\/140","targetHints":{"allow":["GET"]}}],"collection":[{"href":"https:\/\/portal.theprofligate.com\/index.php\/wp-json\/wp\/v2\/pages"}],"about":[{"href":"https:\/\/portal.theprofligate.com\/index.php\/wp-json\/wp\/v2\/types\/page"}],"author":[{"embeddable":true,"href":"https:\/\/portal.theprofligate.com\/index.php\/wp-json\/wp\/v2\/users\/1"}],"replies":[{"embeddable":true,"href":"https:\/\/portal.theprofligate.com\/index.php\/wp-json\/wp\/v2\/comments?post=140"}],"version-history":[{"count":1,"href":"https:\/\/portal.theprofligate.com\/index.php\/wp-json\/wp\/v2\/pages\/140\/revisions"}],"predecessor-version":[{"id":141,"href":"https:\/\/portal.theprofligate.com\/index.php\/wp-json\/wp\/v2\/pages\/140\/revisions\/141"}],"wp:featuredmedia":[{"embeddable":true,"href":"https:\/\/portal.theprofligate.com\/index.php\/wp-json\/wp\/v2\/media\/154"}],"wp:attachment":[{"href":"https:\/\/portal.theprofligate.com\/index.php\/wp-json\/wp\/v2\/media?parent=140"}],"curies":[{"name":"wp","href":"https:\/\/api.w.org\/{rel}","templated":true}]}}